{"id":904,"date":"2025-11-10T18:19:25","date_gmt":"2025-11-10T18:19:25","guid":{"rendered":"https:\/\/sandra-gringer.com\/?post_type=product&#038;p=904"},"modified":"2025-11-10T18:22:18","modified_gmt":"2025-11-10T18:22:18","slug":"fugl-kopier","status":"publish","type":"product","link":"https:\/\/sandra-gringer.com\/?product=fugl-kopier","title":{"rendered":"H\u00f8jlandsko"},"content":{"rendered":"","protected":false},"excerpt":{"rendered":"<p>Denne unikke bronze skulptur er n\u00f8je h\u00e5ndlavet og st\u00f8bt i \u00e6gte massiv bronze..<\/p>\n<p>Den har f\u00e5et en smuk patinering, der virkelig fremh\u00e6ver bronzens varme gl\u00f8d og detaljer.<\/p>\n<p>Skulpturen er skabt af mig, Sandra Gringer \u2013 wildlife-kunstner med en fork\u00e6rlighed for at portr\u00e6ttere dyr. Den er perfekt som noget helt s\u00e6rligt til dit hjem eller en unik gave til en, du holder af.<\/p>\n<p>Bronze kan st\u00e5 udenfor hele \u00e5ret.<\/p>\n<p>Figuren er 12cm h\u00f8j uden tr\u00e6klodsen og vejer 3436g<\/p>\n<p>&nbsp;<\/p>\n","protected":false},"featured_media":905,"template":"","meta":[],"product_cat":[46],"product_tag":[],"class_list":{"0":"post-904","1":"product","2":"type-product","3":"status-publish","4":"has-post-thumbnail","6":"product_cat-bronze","8":"first","9":"instock","10":"shipping-taxable","11":"purchasable","12":"product-type-simple"},"_links":{"self":[{"href":"https:\/\/sandra-gringer.com\/index.php?rest_route=\/wp\/v2\/product\/904","targetHints":{"allow":["GET"]}}],"collection":[{"href":"https:\/\/sandra-gringer.com\/index.php?rest_route=\/wp\/v2\/product"}],"about":[{"href":"https:\/\/sandra-gringer.com\/index.php?rest_route=\/wp\/v2\/types\/product"}],"wp:featuredmedia":[{"embeddable":true,"href":"https:\/\/sandra-gringer.com\/index.php?rest_route=\/wp\/v2\/media\/905"}],"wp:attachment":[{"href":"https:\/\/sandra-gringer.com\/index.php?rest_route=%2Fwp%2Fv2%2Fmedia&parent=904"}],"wp:term":[{"taxonomy":"product_cat","embeddable":true,"href":"https:\/\/sandra-gringer.com\/index.php?rest_route=%2Fwp%2Fv2%2Fproduct_cat&post=904"},{"taxonomy":"product_tag","embeddable":true,"href":"https:\/\/sandra-gringer.com\/index.php?rest_route=%2Fwp%2Fv2%2Fproduct_tag&post=904"}],"curies":[{"name":"wp","href":"https:\/\/api.w.org\/{rel}","templated":true}]}}