{"id":841,"date":"2025-06-13T08:18:34","date_gmt":"2025-06-13T08:18:34","guid":{"rendered":"https:\/\/sandra-gringer.com\/?post_type=product&#038;p=841"},"modified":"2025-10-31T17:53:24","modified_gmt":"2025-10-31T17:53:24","slug":"fogs-and-duck","status":"publish","type":"product","link":"https:\/\/sandra-gringer.com\/?product=fogs-and-duck","title":{"rendered":"Fogs and duck Solgt"},"content":{"rendered":"","protected":false},"excerpt":{"rendered":"<p>Dette smukke kunstv\u00e6rk er malet p\u00e5 dansk h\u00e5ndopsp\u00e6ndt kvalitetsbomuldsl\u00e6rred.<\/p>\n<p>Det er malet med Amsterdam-akrylmaling og efterf\u00f8lgende lakeret for at beskytte kunstv\u00e6rket, samtidig med at det fremh\u00e6ver farvernes dybde.<\/p>\n<p>Det m\u00e5ler 30x40 cm og er et originalt v\u00e6rk af den professionelle dyreportr\u00e6t- og wildlife-kunstner Sandra Gringer.<\/p>\n<p>Ramme medf\u00f8lger.<\/p>\n<p>&nbsp;<\/p>\n","protected":false},"featured_media":843,"template":"","meta":[],"product_cat":[47],"product_tag":[],"class_list":{"0":"post-841","1":"product","2":"type-product","3":"status-publish","4":"has-post-thumbnail","6":"product_cat-signatur-malerier","7":"product_shipping_class-maleri","9":"first","10":"instock","11":"shipping-taxable","12":"product-type-simple"},"_links":{"self":[{"href":"https:\/\/sandra-gringer.com\/index.php?rest_route=\/wp\/v2\/product\/841","targetHints":{"allow":["GET"]}}],"collection":[{"href":"https:\/\/sandra-gringer.com\/index.php?rest_route=\/wp\/v2\/product"}],"about":[{"href":"https:\/\/sandra-gringer.com\/index.php?rest_route=\/wp\/v2\/types\/product"}],"wp:featuredmedia":[{"embeddable":true,"href":"https:\/\/sandra-gringer.com\/index.php?rest_route=\/wp\/v2\/media\/843"}],"wp:attachment":[{"href":"https:\/\/sandra-gringer.com\/index.php?rest_route=%2Fwp%2Fv2%2Fmedia&parent=841"}],"wp:term":[{"taxonomy":"product_cat","embeddable":true,"href":"https:\/\/sandra-gringer.com\/index.php?rest_route=%2Fwp%2Fv2%2Fproduct_cat&post=841"},{"taxonomy":"product_tag","embeddable":true,"href":"https:\/\/sandra-gringer.com\/index.php?rest_route=%2Fwp%2Fv2%2Fproduct_tag&post=841"}],"curies":[{"name":"wp","href":"https:\/\/api.w.org\/{rel}","templated":true}]}}