{"id":726,"date":"2025-01-19T12:44:01","date_gmt":"2025-01-19T12:44:01","guid":{"rendered":"https:\/\/sandra-gringer.com\/?post_type=product&#038;p=726"},"modified":"2025-06-13T08:03:58","modified_gmt":"2025-06-13T08:03:58","slug":"t","status":"publish","type":"product","link":"https:\/\/sandra-gringer.com\/?product=t","title":{"rendered":"Clock Solgt"},"content":{"rendered":"","protected":false},"excerpt":{"rendered":"<p>Dette smukke kunstv\u00e6rk er malet p\u00e5 dansk h\u00e5ndopsp\u00e6ndt kvalitetsbomuldsl\u00e6rred.<\/p>\n<p>Det er malet med Amsterdam-akrylmaling og efterf\u00f8lgende lakeret for at beskytte kunstv\u00e6rket, samtidig med at det fremh\u00e6ver farvernes dybde.<\/p>\n<p>Det m\u00e5ler 30x40 cm og er et originalt v\u00e6rk af den professionelle dyreportr\u00e6t- og wildlife-kunstner Sandra Gringer.<\/p>\n<p>Ramme medf\u00f8lger.<\/p>\n<p>Tanker bag: Maleriet viser en ko med ure i hornene som en p\u00e5mindelse om, at vi skal handle nu for at skabe balance mellem landbrug og natur. Urene symboliserer tidens betydning og understreger, hvordan vores valg i dag p\u00e5virker milj\u00f8et og fremtidens ressourcer. Som refleksion over vores ansvar for en b\u00e6redygtig fremtid.<\/p>\n","protected":false},"featured_media":724,"template":"","meta":[],"product_cat":[47],"product_tag":[],"class_list":{"0":"post-726","1":"product","2":"type-product","3":"status-publish","4":"has-post-thumbnail","6":"product_cat-signatur-malerier","7":"product_shipping_class-maleri","9":"first","10":"instock","11":"shipping-taxable","12":"product-type-simple"},"_links":{"self":[{"href":"https:\/\/sandra-gringer.com\/index.php?rest_route=\/wp\/v2\/product\/726","targetHints":{"allow":["GET"]}}],"collection":[{"href":"https:\/\/sandra-gringer.com\/index.php?rest_route=\/wp\/v2\/product"}],"about":[{"href":"https:\/\/sandra-gringer.com\/index.php?rest_route=\/wp\/v2\/types\/product"}],"wp:featuredmedia":[{"embeddable":true,"href":"https:\/\/sandra-gringer.com\/index.php?rest_route=\/wp\/v2\/media\/724"}],"wp:attachment":[{"href":"https:\/\/sandra-gringer.com\/index.php?rest_route=%2Fwp%2Fv2%2Fmedia&parent=726"}],"wp:term":[{"taxonomy":"product_cat","embeddable":true,"href":"https:\/\/sandra-gringer.com\/index.php?rest_route=%2Fwp%2Fv2%2Fproduct_cat&post=726"},{"taxonomy":"product_tag","embeddable":true,"href":"https:\/\/sandra-gringer.com\/index.php?rest_route=%2Fwp%2Fv2%2Fproduct_tag&post=726"}],"curies":[{"name":"wp","href":"https:\/\/api.w.org\/{rel}","templated":true}]}}