{"id":711,"date":"2025-01-08T21:06:45","date_gmt":"2025-01-08T21:06:45","guid":{"rendered":"https:\/\/sandra-gringer.com\/?post_type=product&#038;p=711"},"modified":"2025-06-13T08:06:14","modified_gmt":"2025-06-13T08:06:14","slug":"drought","status":"publish","type":"product","link":"https:\/\/sandra-gringer.com\/?product=drought","title":{"rendered":"Drought Solgt"},"content":{"rendered":"","protected":false},"excerpt":{"rendered":"<p>Dette smukke kunstv\u00e6rk er malet p\u00e5 dansk h\u00e5ndopsp\u00e6ndt kvalitetsbomuldsl\u00e6rred.<\/p>\n<p>Det er malet med Amsterdam-akrylmaling og efterf\u00f8lgende lakeret for at beskytte kunstv\u00e6rket, samtidig med at det fremh\u00e6ver farvernes dybde.<\/p>\n<p>Det m\u00e5ler 30x40 cm og er et originalt v\u00e6rk af den professionelle dyreportr\u00e6t- og wildlife-kunstner Sandra Gringer.<\/p>\n<p>Ramme medf\u00f8lger.<\/p>\n<p>Tanker bag: Billedet viser en zebra if\u00f8rt r\u00f8de gummist\u00f8vler, der st\u00e5r p\u00e5 en t\u00f8r og sprukken jord. Himlen er d\u00e6kket af gr\u00e5 skyer, hvilket giver en trist og dyster stemning. Det \u00f8de landskab virker n\u00e6sten h\u00e5bl\u00f8st, men de r\u00f8de st\u00f8vler skaber en interessant kontrast. De tilf\u00f8jer et overraskende og lidt sjovt element, som f\u00e5r \u00e9n til at t\u00e6nke over, hvordan mennesker p\u00e5virker naturen. Zebraens naturlige udseende sammen med de us\u00e6dvanlige st\u00f8vler f\u00e5r billedet til at fort\u00e6lle en historie om klimaets udfordringer og vores ansvar for milj\u00f8et.<\/p>\n","protected":false},"featured_media":719,"template":"","meta":[],"product_cat":[47],"product_tag":[],"class_list":{"0":"post-711","1":"product","2":"type-product","3":"status-publish","4":"has-post-thumbnail","6":"product_cat-signatur-malerier","7":"product_shipping_class-maleri","9":"first","10":"instock","11":"shipping-taxable","12":"product-type-simple"},"_links":{"self":[{"href":"https:\/\/sandra-gringer.com\/index.php?rest_route=\/wp\/v2\/product\/711","targetHints":{"allow":["GET"]}}],"collection":[{"href":"https:\/\/sandra-gringer.com\/index.php?rest_route=\/wp\/v2\/product"}],"about":[{"href":"https:\/\/sandra-gringer.com\/index.php?rest_route=\/wp\/v2\/types\/product"}],"wp:featuredmedia":[{"embeddable":true,"href":"https:\/\/sandra-gringer.com\/index.php?rest_route=\/wp\/v2\/media\/719"}],"wp:attachment":[{"href":"https:\/\/sandra-gringer.com\/index.php?rest_route=%2Fwp%2Fv2%2Fmedia&parent=711"}],"wp:term":[{"taxonomy":"product_cat","embeddable":true,"href":"https:\/\/sandra-gringer.com\/index.php?rest_route=%2Fwp%2Fv2%2Fproduct_cat&post=711"},{"taxonomy":"product_tag","embeddable":true,"href":"https:\/\/sandra-gringer.com\/index.php?rest_route=%2Fwp%2Fv2%2Fproduct_tag&post=711"}],"curies":[{"name":"wp","href":"https:\/\/api.w.org\/{rel}","templated":true}]}}