{"id":709,"date":"2025-01-08T20:55:05","date_gmt":"2025-01-08T20:55:05","guid":{"rendered":"https:\/\/sandra-gringer.com\/?post_type=product&#038;p=709"},"modified":"2025-06-13T08:07:03","modified_gmt":"2025-06-13T08:07:03","slug":"leopard-kopier-kopier-2","status":"publish","type":"product","link":"https:\/\/sandra-gringer.com\/?product=leopard-kopier-kopier-2","title":{"rendered":"Water Solgt"},"content":{"rendered":"","protected":false},"excerpt":{"rendered":"<p>Dette smukke kunstv\u00e6rk er malet p\u00e5 dansk h\u00e5ndopsp\u00e6ndt kvalitetsbomuldsl\u00e6rred.<\/p>\n<p>Det er malet med Amsterdam-akrylmaling og efterf\u00f8lgende lakeret for at beskytte kunstv\u00e6rket, samtidig med at det fremh\u00e6ver farvernes dybde.<\/p>\n<p>Det m\u00e5ler 30x40 cm og er et originalt v\u00e6rk af den professionelle dyreportr\u00e6t- og wildlife-kunstner Sandra Gringer.<\/p>\n<p>Ramme medf\u00f8lger.<\/p>\n<p>Tanker bag: Dette maleri skildrer en isbj\u00f8rn, der balancerer p\u00e5 et smeltende isbjerg midt i et uroligt hav. Ved siden af flyder et knust timeglas i vandet \u2013 en st\u00e6rk metafor for, hvordan tiden er ved at rinde ud for denne majest\u00e6tiske og truede art. Scenen fremh\u00e6ver den alvorlige virkelighed af klimaforandringer og n\u00f8dvendigheden af at handle nu for at beskytte b\u00e5de dyreliv og \u00f8kosystemer<\/p>\n","protected":false},"featured_media":716,"template":"","meta":[],"product_cat":[47],"product_tag":[],"class_list":{"0":"post-709","1":"product","2":"type-product","3":"status-publish","4":"has-post-thumbnail","6":"product_cat-signatur-malerier","7":"product_shipping_class-maleri","9":"first","10":"instock","11":"shipping-taxable","12":"product-type-simple"},"_links":{"self":[{"href":"https:\/\/sandra-gringer.com\/index.php?rest_route=\/wp\/v2\/product\/709","targetHints":{"allow":["GET"]}}],"collection":[{"href":"https:\/\/sandra-gringer.com\/index.php?rest_route=\/wp\/v2\/product"}],"about":[{"href":"https:\/\/sandra-gringer.com\/index.php?rest_route=\/wp\/v2\/types\/product"}],"wp:featuredmedia":[{"embeddable":true,"href":"https:\/\/sandra-gringer.com\/index.php?rest_route=\/wp\/v2\/media\/716"}],"wp:attachment":[{"href":"https:\/\/sandra-gringer.com\/index.php?rest_route=%2Fwp%2Fv2%2Fmedia&parent=709"}],"wp:term":[{"taxonomy":"product_cat","embeddable":true,"href":"https:\/\/sandra-gringer.com\/index.php?rest_route=%2Fwp%2Fv2%2Fproduct_cat&post=709"},{"taxonomy":"product_tag","embeddable":true,"href":"https:\/\/sandra-gringer.com\/index.php?rest_route=%2Fwp%2Fv2%2Fproduct_tag&post=709"}],"curies":[{"name":"wp","href":"https:\/\/api.w.org\/{rel}","templated":true}]}}